{"id":12692,"date":"2022-11-23T12:38:15","date_gmt":"2022-11-23T12:38:15","guid":{"rendered":"https:\/\/test.polycon.fi\/?page_id=12692"},"modified":"2022-11-23T12:39:41","modified_gmt":"2022-11-23T12:39:41","slug":"tietosuojaseloste-2","status":"publish","type":"page","link":"https:\/\/test.polycon.fi\/sv\/tietosuojaseloste-2","title":{"rendered":"Tietosuojaseloste"},"content":{"rendered":"<div data-elementor-type=\"wp-page\" data-elementor-id=\"12692\" class=\"elementor elementor-12692\">\n\t\t\t\t\t\t<section class=\"elementor-section elementor-top-section elementor-element elementor-element-d6fc0da elementor-section-boxed elementor-section-height-default elementor-section-height-default\" data-id=\"d6fc0da\" data-element_type=\"section\" data-e-type=\"section\">\n\t\t\t\t\t\t<div class=\"elementor-container elementor-column-gap-default\">\n\t\t\t\t\t<div class=\"elementor-column elementor-col-100 elementor-top-column elementor-element elementor-element-4116fbfa\" data-id=\"4116fbfa\" data-element_type=\"column\" data-e-type=\"column\">\n\t\t\t<div class=\"elementor-widget-wrap elementor-element-populated\">\n\t\t\t\t\t\t<div class=\"elementor-element elementor-element-fa87482 elementor-widget elementor-widget-heading\" data-id=\"fa87482\" data-element_type=\"widget\" data-e-type=\"widget\" data-widget_type=\"heading.default\">\n\t\t\t\t<div class=\"elementor-widget-container\">\n\t\t\t\t\t<h2 class=\"elementor-heading-title elementor-size-default\">Polycon Oy:n tietosuojaseloste\n\n<\/h2>\t\t\t\t<\/div>\n\t\t\t\t<\/div>\n\t\t\t\t<div class=\"elementor-element elementor-element-72b0f9f6 elementor-widget elementor-widget-text-editor\" data-id=\"72b0f9f6\" data-element_type=\"widget\" data-e-type=\"widget\" data-widget_type=\"text-editor.default\">\n\t\t\t\t<div class=\"elementor-widget-container\">\n\t\t\t\t\t\t\t\t\t<p class=\"MsoNormal\">EU:n yleisen tietosuoja-asetuksen (EU 679\/2016) mukainen\nseloste<o:p><\/o:p><\/p>\t\t\t\t\t\t\t\t<\/div>\n\t\t\t\t<\/div>\n\t\t\t\t\t<\/div>\n\t\t<\/div>\n\t\t\t\t\t<\/div>\n\t\t<\/section>\n\t\t\t\t<section class=\"elementor-section elementor-top-section elementor-element elementor-element-7f5a583c elementor-section-boxed elementor-section-height-default elementor-section-height-default\" data-id=\"7f5a583c\" data-element_type=\"section\" data-e-type=\"section\">\n\t\t\t\t\t\t<div class=\"elementor-container elementor-column-gap-default\">\n\t\t\t\t\t<div class=\"elementor-column elementor-col-100 elementor-top-column elementor-element elementor-element-67807d87\" data-id=\"67807d87\" data-element_type=\"column\" data-e-type=\"column\">\n\t\t\t<div class=\"elementor-widget-wrap elementor-element-populated\">\n\t\t\t\t\t\t<div class=\"elementor-element elementor-element-38aeca48 elementor-widget elementor-widget-text-editor\" data-id=\"38aeca48\" data-element_type=\"widget\" data-e-type=\"widget\" data-widget_type=\"text-editor.default\">\n\t\t\t\t<div class=\"elementor-widget-container\">\n\t\t\t\t\t\t\t\t\t<p><strong>REKISTERINPIT\u00c4J\u00c4<\/strong><\/p><p>Polycon Oy, Tekniikantie 14, 02150 Espoo, puh. 010 470 9680<\/p><p><strong>YHTEYSHENKIL\u00d6 REKISTERI\u00c4 KOSKEVISSA ASIOISSA<\/strong><\/p><p>Tietosuojavastaava, Polycon Oy, tietosuoja@polycon.fi<\/p><p><strong>REKISTERIN NIMI<\/strong><\/p><p>Polycon Oy:n asiakastietojen\/henkil\u00f6tietojen rekisteri<\/p><p><strong>HENKIL\u00d6TIETOJEN K\u00c4SITTELYN TARKOITUS<\/strong><\/p><p>Henkil\u00f6tietoja k\u00e4sitell\u00e4\u00e4n Polycon Oy:n sis\u00e4isen toiminnan hallinnointiin sek\u00e4 asiakassuhteen ja asiakasviestinn\u00e4n hoitamiseen.<\/p><p><strong>REKISTERIN TIETOSIS\u00c4LT\u00d6<\/strong><\/p><p>Rekisteriin ker\u00e4t\u00e4\u00e4n henkil\u00f6st\u00f6st\u00e4 ja asiakkaista seuraavat tiedot:<\/p><p>k\u00e4ytt\u00e4j\u00e4kohtaiset tiedot: nimitiedot, osoitetiedot, s\u00e4hk\u00f6postiosoite, matkapuhelinnumero<br \/>rekrytoitavien hakijoiden hakemus- ja henkil\u00f6tiedot<\/p><p><strong>S\u00c4\u00c4NN\u00d6NMUKAISET TIETOL\u00c4HTEET<\/strong><\/p><p>Rekister\u00f6ity\u00e4 koskevia henkil\u00f6tietoja saadaan rekister\u00f6idylt\u00e4 itselt\u00e4\u00e4n tai asiakasyrityksen edustajalta asiakassuhteen aikana.<\/p><p><strong>TIETOJEN S\u00c4\u00c4NN\u00d6NMUKAISET LUOVUTUKSET<\/strong><\/p><p>Polycon ei k\u00e4yt\u00e4 tai hy\u00f6dynn\u00e4 aineistoa muuhun kuin ydintoimintansa mukaiseen tarkoitukseen. Asiakkaan aineistoa ei n\u00e4ytet\u00e4, eik\u00e4 luovuteta sivulliselle eik\u00e4 anneta sit\u00e4 oikeudetta teknisen k\u00e4ytt\u00f6yhteyden avulla tai muulla tavalla sivullisen n\u00e4ht\u00e4v\u00e4ksi tai k\u00e4ytett\u00e4v\u00e4ksi. Muilta osin rekisterinpit\u00e4j\u00e4 ei luovuta rekisteriss\u00e4 olevia tietoja ulkopuolisille.<\/p><p><strong>TIETOJEN SIIRTO EU:N TAI ETA:N ULKOPUOLELLE<\/strong><\/p><p>Tietoja ei siirret\u00e4 Suomen ulkopuolelle.<\/p><p><strong>REKISTERIN SUOJAUKSEN PERIAATTEET<\/strong><\/p><p>Rekisteri on niiden Polycon Oy:n omaan ja asiakkaiden henkil\u00f6kuntaan kuuluvien henkil\u00f6iden k\u00e4yt\u00f6ss\u00e4, jotka tarvitsevat tietoja teht\u00e4viss\u00e4\u00e4n. Rekisteriss\u00e4 olevan tiedon muokkaaminen edellytt\u00e4\u00e4 henkil\u00f6kohtaista k\u00e4ytt\u00e4j\u00e4tunnusta ja salasanaa. K\u00e4ytt\u00e4j\u00e4tunnus ja salasana annetaan k\u00e4ytt\u00f6oikeuden my\u00f6nt\u00e4misen yhteydess\u00e4. K\u00e4ytt\u00f6oikeus p\u00e4\u00e4ttyy henkil\u00f6n siirtyess\u00e4 Polycon Oy:ss\u00e4 tai Polycon Oy:n asiakasorganisaatioissa pois niist\u00e4 teht\u00e4vist\u00e4, joita varten h\u00e4nelle on k\u00e4ytt\u00f6oikeus my\u00f6nnetty.<\/p><p>Tiedot on suojattu tahalliselta ja tahattomalta tuhoutumiselta. Tiedostoista otetut varmuuskopiot s\u00e4ilytet\u00e4\u00e4n turvallisessa paikassa. J\u00e4rjestelm\u00e4n sis\u00e4iset tietoyhteydet on toteutettu suljetulla verkolla. Ulkopuoliset yhteydet on suojattu palomuurein. Polycon Oy s\u00e4ilytt\u00e4\u00e4 tiedot sovellettavissa olevien, lakis\u00e4\u00e4teisten ja eettisten ilmoitusvelvollisuutta ja asiakirjojen s\u00e4ilytt\u00e4mist\u00e4 koskevien vaatimusten mukaisesti<\/p><p><strong>TARKASTUSOIKEUS<\/strong><\/p><p>Rekister\u00f6idyn erikseen niin kirjallisesti pyyt\u00e4ess\u00e4 toimitetaan kaikki h\u00e4nt\u00e4 koskevat henkil\u00f6tiedot j\u00e4rjestelm\u00e4st\u00e4. Tiedot toimitetaan selkokielisess\u00e4 formaatissa<\/p><p><strong>OIKEUS VAATIA TIEDON KORJAAMISTA<\/strong><\/p><p>Mik\u00e4li rekister\u00f6ity pyyt\u00e4\u00e4 oikaisemaan virheellisi\u00e4 tai puutteellisia henkil\u00f6tietoja, tehd\u00e4\u00e4n muutokset sen perusteella. Oikaisupyynn\u00f6t tulee osoittaa kirjallisesti ja pyynn\u00f6t kohdistetaan l\u00e4hett\u00e4j\u00e4n s\u00e4hk\u00f6postiosoitteeseen liitettyhin henkil\u00f6tietoihin, ellei pyynn\u00f6n l\u00e4hett\u00e4nytt\u00e4 henkil\u00f6\u00e4 tunnisteta jollain muulla tavalla.<\/p><p><strong>MUUT HENKIL\u00d6TIETOJEN K\u00c4SITTELYYN LIITTYV\u00c4T OIKEUDET<\/strong><\/p><p>Polycon on varautunut EU:n GDPR tietosuoja-asetukseen seuraavien alakohtien esitt\u00e4m\u00e4ll\u00e4 tavalla.<\/p><p>Oikeus tulla unohdetuksi toteutetaan merkitsem\u00e4ll\u00e4 tiedot siten, ettei niit\u00e4 en\u00e4\u00e4 k\u00e4sitell\u00e4 j\u00e4rjestelm\u00e4ss\u00e4. Tietoja ei ylikirjoiteta vaan anonymisoidaan siten, ettei rekister\u00f6ity ole en\u00e4\u00e4 tunnistettavissa.<\/p><p>Henkil\u00f6tiedot voidaan siirt\u00e4\u00e4 toiseen j\u00e4rjestelm\u00e4\u00e4n siirrett\u00e4v\u00e4ll\u00e4 muistiv\u00e4lineell\u00e4.<\/p><p>Polycon ei suorita automaattista p\u00e4\u00e4t\u00f6ksentekoa tai profilointia.<\/p><p>Rekister\u00f6idyll\u00e4 k\u00e4ytt\u00e4j\u00e4ll\u00e4 on oikeus saada ilmoitus henkil\u00f6tietojen tietoturvaloukkauksesta.<\/p><p>Rekister\u00f6idyll\u00e4 k\u00e4ytt\u00e4j\u00e4ll\u00e4 on oikeus tehd\u00e4 valitus valvontaviranomaiselle, jos rekister\u00f6ity katsoo, ett\u00e4 h\u00e4nt\u00e4 koskevien henkil\u00f6tietojen k\u00e4sittelyss\u00e4 rikotaan t\u00e4t\u00e4 asetusta, sanotun kuitenkaan rajoittamatta muita hallinnollisia muutoksenhakukeinoja tai oikeussuojakeinoja.<\/p>\t\t\t\t\t\t\t\t<\/div>\n\t\t\t\t<\/div>\n\t\t\t\t\t<\/div>\n\t\t<\/div>\n\t\t\t\t\t<\/div>\n\t\t<\/section>\n\t\t\t\t<\/div>","protected":false},"excerpt":{"rendered":"<p>Polycon Oy:n tietosuojaseloste EU:n yleisen tietosuoja-asetuksen (EU 679\/2016) mukainen seloste REKISTERINPIT\u00c4J\u00c4 Polycon Oy, Tekniikantie 14, 02150 Espoo, puh. 010 470 9680 YHTEYSHENKIL\u00d6 REKISTERI\u00c4 KOSKEVISSA ASIOISSA Tietosuojavastaava, Polycon Oy, tietosuoja@polycon.fi REKISTERIN NIMI Polycon Oy:n asiakastietojen\/henkil\u00f6tietojen rekisteri HENKIL\u00d6TIETOJEN K\u00c4SITTELYN TARKOITUS Henkil\u00f6tietoja k\u00e4sitell\u00e4\u00e4n Polycon Oy:n sis\u00e4isen toiminnan hallinnointiin sek\u00e4 asiakassuhteen ja asiakasviestinn\u00e4n hoitamiseen. REKISTERIN TIETOSIS\u00c4LT\u00d6 Rekisteriin ker\u00e4t\u00e4\u00e4n henkil\u00f6st\u00f6st\u00e4 &hellip;<\/p>\n<p class=\"read-more\"> <a class=\"\" href=\"https:\/\/test.polycon.fi\/sv\/tietosuojaseloste-2\"> <span class=\"screen-reader-text\">Tietosuojaseloste<\/span> L\u00e4s mer &raquo;<\/a><\/p>","protected":false},"author":1,"featured_media":0,"parent":0,"menu_order":0,"comment_status":"closed","ping_status":"closed","template":"","meta":{"site-sidebar-layout":"no-sidebar","site-content-layout":"page-builder","ast-global-header-display":"","ast-main-header-display":"","ast-hfb-above-header-display":"","ast-hfb-below-header-display":"","ast-hfb-mobile-header-display":"","site-post-title":"disabled","ast-breadcrumbs-content":"","ast-featured-img":"disabled","footer-sml-layout":"","theme-transparent-header-meta":"default","adv-header-id-meta":"","stick-header-meta":"","header-above-stick-meta":"","header-main-stick-meta":"","header-below-stick-meta":"","footnotes":""},"class_list":["post-12692","page","type-page","status-publish","hentry"],"_links":{"self":[{"href":"https:\/\/test.polycon.fi\/sv\/wp-json\/wp\/v2\/pages\/12692","targetHints":{"allow":["GET"]}}],"collection":[{"href":"https:\/\/test.polycon.fi\/sv\/wp-json\/wp\/v2\/pages"}],"about":[{"href":"https:\/\/test.polycon.fi\/sv\/wp-json\/wp\/v2\/types\/page"}],"author":[{"embeddable":true,"href":"https:\/\/test.polycon.fi\/sv\/wp-json\/wp\/v2\/users\/1"}],"replies":[{"embeddable":true,"href":"https:\/\/test.polycon.fi\/sv\/wp-json\/wp\/v2\/comments?post=12692"}],"version-history":[{"count":3,"href":"https:\/\/test.polycon.fi\/sv\/wp-json\/wp\/v2\/pages\/12692\/revisions"}],"predecessor-version":[{"id":13302,"href":"https:\/\/test.polycon.fi\/sv\/wp-json\/wp\/v2\/pages\/12692\/revisions\/13302"}],"wp:attachment":[{"href":"https:\/\/test.polycon.fi\/sv\/wp-json\/wp\/v2\/media?parent=12692"}],"curies":[{"name":"wp","href":"https:\/\/api.w.org\/{rel}","templated":true}]}}